{"id":2,"date":"2024-08-20T21:56:19","date_gmt":"2024-08-20T21:56:19","guid":{"rendered":"https:\/\/cavehotelandalusia.com\/?page_id=2"},"modified":"2026-03-06T22:23:57","modified_gmt":"2026-03-06T22:23:57","slug":"home","status":"publish","type":"page","link":"https:\/\/cavehotelandalusia.com\/de\/home\/","title":{"rendered":"\u00dcber mich"},"content":{"rendered":"<p><strong>\u00a0 \u00a0 \u00a0 \u00a0 \u00a0 \u00a0 \u00a0 \u00a0 \u00a0 \u00a0 \u00a0 \u00a0 \u00a0 \u00a0 \u00a0 \u00a0 \u00a0 \u00a0 \u00a0 \u00a0 Dein Weg zur Selbstheilung -\u00a0 \u00a0 \u00a0 \u00a0 \u00a0 \u00a0 \u00a0 \u00a0 \u00a0 \u00a0 \u00a0 \u00a0 \u00a0 \u00a0 \u00a0 \u00a0 \u00a0 \u00a0 \u00a0 \u00a0 \u00a0 \u00a0 \u00a0 \u00a0 \u00a0 \u00a0 \u00a0 \u00a0 \u00a0 \u00a0 \u00a0 \u00a0 \u00a0 \u00a0 \u00a0 \u00a0 \u00a0 \u00a0 \u00a0 \u00a0 \u00a0 \u00a0 \u00a0 \u00a0 \u00a0 \u00a0 \u00a0 \u00a0 \u00a0 \u00a0 \u00a0 \u00a0 \u00a0 \u00a0 \u00a0 \u00a0 \u00a0 \u00a0 \u00a0 \u00a0 \u00a0 \u00a0 \u00a0 \u00a0 \u00a0 \u00a0<\/strong><strong>I&#8217;m with you\u00a0<\/strong><\/p>\n<h2>\n\t\tWillkommen auf meiner Website. Diese Seite befindet sich derzeit im Aufbau. In den n\u00e4chsten Tagen finden Sie hier weitere Informationen \u00fcber mich, meine Arbeit und mein Herzensprojekt in Andalusien. Schau bald wieder vorbei!\n\t<\/h2>\n\t\t\t\t<img loading=\"lazy\" decoding=\"async\" src=\"https:\/\/cavehotelandalusia.com\/wp-content\/uploads\/2025\/12\/Design-ohne-Titel-768x1024.png\" alt=\"Design ohne Titel\" itemprop=\"image\" height=\"1024\" width=\"768\" title=\"Design ohne Titel\" onerror=\"this.style.display='none'\"  \/>\n\t<p>&nbsp;<\/p>\n<p>&nbsp;<\/p>\n<p>Ich bin Sabrina. <\/p>\n<p>Als <\/p>\n<p>Spirituelle Beraterin mit Spezialisierung auf K\u00f6rperarbeit und systemische Aufstellungen, <\/p>\n<p>begleite ich Dich mit gro\u00dfer Sensibilit\u00e4t und tierischer Unterst\u00fctzung auf deinem Weg zu mehr Energie, <\/p>\n<p>Lebensfreude und innere Freiheit.<\/p>\n\t\t\t\t<img loading=\"lazy\" decoding=\"async\" src=\"https:\/\/cavehotelandalusia.com\/wp-content\/uploads\/2025\/06\/2025-06-08-01.38.17-768x1024.jpg\" alt=\"2025-06-08 01.38.17\" itemprop=\"image\" height=\"1024\" width=\"768\" title=\"2025-06-08 01.38.17\" onerror=\"this.style.display='none'\"  \/>\n\t<p>Spirituelle Begleitung<\/p>\n\t<p><strong>Systemische Auftsellungen<\/strong><\/p>\n\t<p>K\u00f6rper &amp; Energiearbeit<\/p>\n\t<p>Gemeinsam betrachten wir deine aktuellen Themen aus einer ganzheitlichen Perspektive. Mit liebevollen Impulsen  unterst\u00fctze  ich dich dabei, Klarheit zu finden, neue Sichtweisen zu entdecken und Antworten aus deiner eigenen inneren Weisheit zu erhalten. Damit du gest\u00e4rkt, klar und selbstbewusst deinen eigenen Weg gehen kannst.<\/p>\n\t\t\t<a href=\"https:\/\/cavehotelandalusia.com\/de\/spirituelle-begleitung\/?fl_builder&#038;fl_builder_ui\" target=\"_blank\" rel=\"noopener\">\n\t\t\t\t\t\t\tErfahre mehr\n\t\t\t\t\t<\/a>\n\t<p>As inner structures, family influences and epigenetic influences become visible, connections that were previously hidden become apparent. With the sensitive support of various representatives &#8211; such as animals, stones, people or symbolic elements &#8211; I help you to recognise these dynamics and take on new positions.<\/p>\n\t\t\t<a href=\"https:\/\/cavehotelandalusia.com\/de\/systemic-constellations\/?fl_builder&#038;fl_builder_ui \" target=\"_blank\" rel=\"noopener\">\n\t\t\t\t\t\t\tErfahre mehr\n\t\t\t\t\t<\/a>\n\t<p>\u00a0 \u00a0 \u00a0 \u00a0 \u00a0Using gentle methods, I support you in balancing your energy system and releasing blockages that affect your balance or inner peace. This allows your life energy to flow freely again and you feel more stable, grounded and internally<\/p>\n<p> gest\u00e4rkt.<\/p>\n\t\t\t<a href=\"https:\/\/cavehotelandalusia.com\/de\/body-energy-work\/?fl_builder&#038;fl_builder_ui\" target=\"_blank\" rel=\"noopener\">\n\t\t\t\t\t\t\tErfahre mehr\n\t\t\t\t\t<\/a>","protected":false},"excerpt":{"rendered":"<p>\u00a0 \u00a0 \u00a0 \u00a0 \u00a0 \u00a0 \u00a0 \u00a0 \u00a0 \u00a0 \u00a0 \u00a0 \u00a0 \u00a0 \u00a0 \u00a0 \u00a0 \u00a0 \u00a0 \u00a0 The path to self-healing\u00a0 \u00a0 \u00a0 \u00a0 \u00a0 \u00a0 \u00a0 \u00a0 \u00a0 \u00a0 \u00a0 \u00a0 \u00a0 \u00a0 \u00a0 \u00a0 \u00a0 \u00a0 \u00a0 \u00a0 \u00a0 \u00a0 \u00a0 \u00a0 \u00a0 \u00a0 \u00a0 \u00a0 \u00a0 \u00a0 \u00a0 \u00a0&hellip;<\/p>","protected":false},"author":1,"featured_media":0,"parent":0,"menu_order":0,"comment_status":"closed","ping_status":"closed","template":"","meta":{"footnotes":""},"class_list":["post-2","page","type-page","status-publish","hentry"],"_links":{"self":[{"href":"https:\/\/cavehotelandalusia.com\/de\/wp-json\/wp\/v2\/pages\/2","targetHints":{"allow":["GET"]}}],"collection":[{"href":"https:\/\/cavehotelandalusia.com\/de\/wp-json\/wp\/v2\/pages"}],"about":[{"href":"https:\/\/cavehotelandalusia.com\/de\/wp-json\/wp\/v2\/types\/page"}],"author":[{"embeddable":true,"href":"https:\/\/cavehotelandalusia.com\/de\/wp-json\/wp\/v2\/users\/1"}],"replies":[{"embeddable":true,"href":"https:\/\/cavehotelandalusia.com\/de\/wp-json\/wp\/v2\/comments?post=2"}],"version-history":[{"count":69,"href":"https:\/\/cavehotelandalusia.com\/de\/wp-json\/wp\/v2\/pages\/2\/revisions"}],"predecessor-version":[{"id":513,"href":"https:\/\/cavehotelandalusia.com\/de\/wp-json\/wp\/v2\/pages\/2\/revisions\/513"}],"wp:attachment":[{"href":"https:\/\/cavehotelandalusia.com\/de\/wp-json\/wp\/v2\/media?parent=2"}],"curies":[{"name":"wp","href":"https:\/\/api.w.org\/{rel}","templated":true}]}}