{"id":48,"date":"2024-08-21T23:38:35","date_gmt":"2024-08-21T23:38:35","guid":{"rendered":"https:\/\/cavehotelandalusia.com\/?page_id=48"},"modified":"2026-03-12T12:40:20","modified_gmt":"2026-03-12T12:40:20","slug":"about-us","status":"publish","type":"page","link":"https:\/\/cavehotelandalusia.com\/de\/","title":{"rendered":"Caves in Andalusia"},"content":{"rendered":"<h1>\n\t\tDie H\u00f6hlen\n\t<\/h1>\n<h3>\n\t\tin Andalusien\n\t<\/h3>\n\t<p>Hola y Bienvenido<\/p>\n\t\t\t\t<img loading=\"lazy\" decoding=\"async\" src=\"https:\/\/cavehotelandalusia.com\/wp-content\/uploads\/2025\/08\/2025-08-17-16.20.22.jpg\" alt=\"2025-08-17 16.20.22\" itemprop=\"image\" height=\"1280\" width=\"960\" title=\"2025-08-17 16.20.22\" onerror=\"this.style.display='none'\"  \/>\n\t<p>in den H\u00f6hlen von Hu\u00e9scar im Geopark Granada, umgeben von der unber\u00fchrten Natur Andalusiens.<\/p>\n<p>\u00a0For over 20 years, Spanish hosts have been welcoming guests who are looking for a holiday away from traditional hotels &#8211;\u00a0 \u00a0 offering peace, authenticity and comfort close to nature.<\/p>\n\t\t\t<a href=\"https:\/\/www.cuevasatalaya.com\/\" target=\"_blank\" rel=\"noopener\">\n\t\t\t\t\t\t\t\u00dcber die H\u00f6hlen Cuevas Atalaya\n\t\t\t\t\t<\/a>\n\t\t\t\t<img loading=\"lazy\" decoding=\"async\" src=\"https:\/\/cavehotelandalusia.com\/wp-content\/uploads\/2025\/07\/2025-07-11-11.03.53.jpg\" alt=\"2025-07-11 11.03.53\" itemprop=\"image\" height=\"1280\" width=\"960\" title=\"2025-07-11 11.03.53\" onerror=\"this.style.display='none'\"  \/>\n\t\t\t\t<img loading=\"lazy\" decoding=\"async\" src=\"https:\/\/cavehotelandalusia.com\/wp-content\/uploads\/2026\/03\/IMG-20250918-WA0050.jpg\" alt=\"IMG-20250918-WA0050\" itemprop=\"image\" height=\"2048\" width=\"1536\" title=\"IMG-20250918-WA0050\" onerror=\"this.style.display='none'\"  \/>\n\t\t\t\t<img loading=\"lazy\" decoding=\"async\" src=\"https:\/\/cavehotelandalusia.com\/wp-content\/uploads\/2026\/03\/2025-07-11-11.04.38.jpg\" alt=\"2025-07-11 11.04.38\" itemprop=\"image\" height=\"1280\" width=\"960\" title=\"2025-07-11 11.04.38\" onerror=\"this.style.display='none'\"  \/>\n\t\t\t\t<img loading=\"lazy\" decoding=\"async\" src=\"https:\/\/cavehotelandalusia.com\/wp-content\/uploads\/2026\/03\/IMG-20250217-WA0015.jpg\" alt=\"IMG-20250217-WA0015\" itemprop=\"image\" height=\"1600\" width=\"1200\" title=\"IMG-20250217-WA0015\" onerror=\"this.style.display='none'\"  \/>\n<h2>\n\t\tWhat is the &#8221; Geoparque de Granada &#8221; ?\n\t<\/h2>\n\t<p>Der Geoparque de Granada liegt im Herzen Andalusiens und ist eine Landschaft voller Wunder: beeindruckende Schluchten, geheimnisvolle T\u00e4ler und historische H\u00f6hlen erz\u00e4hlen Geschichten aus Millionen von Jahren.<\/p>\n<p>Natur, Kultur und Geschichte vereinen sich hier: Seit Jahrhunderten leben Menschen in den H\u00f6hlen, genie\u00dfen die Ruhe und bewahren ein einzigartiges Erbe.<\/p>\n<p>The Geopark invites you to hike, discover and marvel &#8211; a perfect place for special experiences in the midst of unspoilt nature.<\/p>\n\t\t\t<a href=\"https:\/\/cavehotelandalusia.com\/de\/geoparque-de-granada\/\" target=\"_self\">\n\t\t\t\t\t\t\tLearn more\n\t\t\t\t\t<\/a>\n<h2>\n\t\tDas H\u00f6hlen Projekt\n\t<\/h2>\n<h3>\n\t\tA place for encounter, healing &#038; reconnection\n\t<\/h3>\n\t\t\t\t<img loading=\"lazy\" decoding=\"async\" src=\"https:\/\/cavehotelandalusia.com\/wp-content\/uploads\/2026\/03\/IMG-20240711-WA0017.jpg\" alt=\"IMG-20240711-WA0017\" itemprop=\"image\" height=\"1200\" width=\"1600\" title=\"IMG-20240711-WA0017\" onerror=\"this.style.display='none'\"  \/>\n\t\t\t\t<img loading=\"lazy\" decoding=\"async\" src=\"https:\/\/cavehotelandalusia.com\/wp-content\/uploads\/2026\/03\/IMG-20240711-WA0018.jpg\" alt=\"IMG-20240711-WA0018\" itemprop=\"image\" height=\"1200\" width=\"1600\" title=\"IMG-20240711-WA0018\" onerror=\"this.style.display='none'\"  \/>\n\t\t\t\t<img loading=\"lazy\" decoding=\"async\" src=\"https:\/\/cavehotelandalusia.com\/wp-content\/uploads\/2026\/03\/Piscina-fur-Website-2.jpg\" alt=\"Piscina fu\u0308r Website 2\" itemprop=\"image\" height=\"1200\" width=\"1600\" title=\"Piscina fu\u0308r Website 2\" onerror=\"this.style.display='none'\"  \/>\n\t<p>La Herradura (&#8220;the horsehoe&#8221; &#8211; named after the shape of the hill) is a growing heartfelt project with around a 72 caves in a historic cave complex. These are being carefully restored to preserve their traditional charm while creating a conscious minimalist living environment.<\/p>\n<p>Set amidst the impressive Andalusian landscape, a unique space is emerging for nature &#8211; based and healing retreats &#8211; a olace for rest, connection and creative unfolding.<\/p>\n\t\t\t<a href=\"https:\/\/cavehotelandalusia.com\/de\/the-project\/\" target=\"_blank\" rel=\"noopener\">\n\t\t\t\t\t\t\tMore about the project\n\t\t\t\t\t<\/a>\n\t\t\t\t<img loading=\"lazy\" decoding=\"async\" src=\"https:\/\/cavehotelandalusia.com\/wp-content\/uploads\/2026\/03\/2024-11-11-12.39.02.jpg\" alt=\"2024-11-11 12.39.02\" itemprop=\"image\" height=\"1280\" width=\"960\" title=\"2024-11-11 12.39.02\" onerror=\"this.style.display='none'\"  \/>\n\t\t\t\t<img loading=\"lazy\" decoding=\"async\" src=\"https:\/\/cavehotelandalusia.com\/wp-content\/uploads\/2026\/03\/2024-11-11-12.40.14.jpg\" alt=\"2024-11-11 12.40.14\" itemprop=\"image\" height=\"1280\" width=\"960\" title=\"2024-11-11 12.40.14\" onerror=\"this.style.display='none'\"  \/>\n\t\t\t\t<img loading=\"lazy\" decoding=\"async\" src=\"https:\/\/cavehotelandalusia.com\/wp-content\/uploads\/2026\/03\/website-bild-terasse.jpg\" alt=\"website bild terasse\" itemprop=\"image\" height=\"1280\" width=\"960\" title=\"website bild terasse\" onerror=\"this.style.display='none'\"  \/>\n<h2>\n\t\tNature &#038; Healing Holidays\n\t<\/h2>\n\tOur caves are a living place &#8211; for those seeking nature, stillness and inner connection. What began as a small project has becom a space where mindful travel and personal growth come together.<br \/>\nWe offer nature- and healing- oriented retreats: guided hikes, breath and bodywork, creative expression and systemic work invite you to go deeper.<br \/>\nGroups are also welcome &#8211; whether for retreats, workshops or seminars &#8211; authentic, personal and with a touch of magic.\n\t\t\t\t<img loading=\"lazy\" decoding=\"async\" src=\"https:\/\/cavehotelandalusia.com\/wp-content\/uploads\/2026\/03\/ich.jpg\" alt=\"ich\" itemprop=\"image\" height=\"896\" width=\"693\" title=\"ich\" onerror=\"this.style.display='none'\"  \/>\n\t<p>Ich bin Sabrina, Heilbegleiterin und die gute Seele dieses liebevoll gestalteten R\u00fcckzugsortes, an dem Menschen zur Ruhe kommen, sich selbst begegnen und neue Kraft sch\u00f6pfen d\u00fcrfen.<\/p>\n<p>I was born in Cologne in 1986 and grew up in the countryside. A few years ago, I followed the sun and emigrated to Andalusia. Here, I was entrusted with a mountain full of caves to transform an old place into something new, vibrant and healing. Today, it is a place of encounter, deceleration and inner reflection &#8211; nestled in the silence and beauty of Andalusian nature.<\/p>\n<p>In my practice, I combine body and energy work with systemic constellations &#8211; accompanied by my sensitive animals, who provide support during the energy work.<\/p>\n<p>Zusammen mit <a href=\"https:\/\/teresafarn.com\/retreat\">Teresa Fahrngruber<\/a> und <a href=\"https:\/\/andalaventura.com\/de\/\">Andalaventura<\/a>bieten wir vielf\u00e4ltige Wege zur Heilung und Selbsterfahrung.<\/p>\n\t\t\t\t<img loading=\"lazy\" decoding=\"async\" src=\"https:\/\/cavehotelandalusia.com\/wp-content\/uploads\/2025\/06\/2025-06-07-23.56.51.jpg\" alt=\"2025-06-07 23.56.51\" itemprop=\"image\" height=\"960\" width=\"1280\" title=\"2025-06-07 23.56.51\" onerror=\"this.style.display='none'\"  \/>","protected":false},"excerpt":{"rendered":"<p>The caves in Andalusia Hola y Bienvenido to the caves of Hu\u00e9scar in the Granada Geopark, surrounded by the unspoilt nature of Andalusia. \u00a0For over 20 years, Spanish hosts have been welcoming guests who are looking for a holiday away from traditional hotels &#8211;\u00a0 \u00a0 offering peace, authenticity and comfort close to nature. About Cuevas&hellip;<\/p>","protected":false},"author":1,"featured_media":0,"parent":0,"menu_order":0,"comment_status":"closed","ping_status":"closed","template":"","meta":{"footnotes":""},"class_list":["post-48","page","type-page","status-publish","hentry"],"_links":{"self":[{"href":"https:\/\/cavehotelandalusia.com\/de\/wp-json\/wp\/v2\/pages\/48","targetHints":{"allow":["GET"]}}],"collection":[{"href":"https:\/\/cavehotelandalusia.com\/de\/wp-json\/wp\/v2\/pages"}],"about":[{"href":"https:\/\/cavehotelandalusia.com\/de\/wp-json\/wp\/v2\/types\/page"}],"author":[{"embeddable":true,"href":"https:\/\/cavehotelandalusia.com\/de\/wp-json\/wp\/v2\/users\/1"}],"replies":[{"embeddable":true,"href":"https:\/\/cavehotelandalusia.com\/de\/wp-json\/wp\/v2\/comments?post=48"}],"version-history":[{"count":31,"href":"https:\/\/cavehotelandalusia.com\/de\/wp-json\/wp\/v2\/pages\/48\/revisions"}],"predecessor-version":[{"id":568,"href":"https:\/\/cavehotelandalusia.com\/de\/wp-json\/wp\/v2\/pages\/48\/revisions\/568"}],"wp:attachment":[{"href":"https:\/\/cavehotelandalusia.com\/de\/wp-json\/wp\/v2\/media?parent=48"}],"curies":[{"name":"wp","href":"https:\/\/api.w.org\/{rel}","templated":true}]}}