{"id":554,"date":"2026-03-06T22:06:36","date_gmt":"2026-03-06T22:06:36","guid":{"rendered":"https:\/\/cavehotelandalusia.com\/?page_id=554"},"modified":"2026-03-13T12:15:40","modified_gmt":"2026-03-13T12:15:40","slug":"the-project","status":"publish","type":"page","link":"https:\/\/cavehotelandalusia.com\/de\/the-project\/","title":{"rendered":"The project"},"content":{"rendered":"<h2>\n\t\tDas H\u00f6hlen Projekt\n\t<\/h2>\n\n<h2>\n\t\t&#8221; La Herradura &#8221;\n\t<\/h2>\n<h2>\n\t\tA historic cave district nestled in the heart of the Andalusian countryside\n\t<\/h2>\n\t<p>&#8216;La Herradura&#8217; &#8211; Spanish for &#8216;the horseshoe&#8217; &#8211; describes the distinctive shape of the caves, which nestle against the hillside in a semicircle. On the outskirts of the small town of Hu\u00e9scar, in the heart of the Granada Geopark, an extraordinary project is taking shape: a historic cave district that is being restored step by step and transformed into a destination for nature-loving holidays and unique experiences.<\/p>\n<h2>\n\t\tNatur &#038; Ruhe\n\t<\/h2>\n\t<p>Inmitten der eindrucksvollen Landschaft Andalusiens mit weiten Badlands, spektakul\u00e4ren Felsformationen und ruhigen Ausblicken.<\/p>\n<h2>\n\t\t72 H\u00f6hlen\n\t<\/h2>\n\t<p>Das Areal umfasst rund <strong data-start=\"151\" data-end=\"164\">10.000 m\u00b2<\/strong>.Jede H\u00f6hle beh\u00e4lt ihren eigenen Charakter und bildet zusammen ein einzigartiges Ensemble.<\/p>\n<p>&nbsp;<\/p>\n<h2>\n\t\tNachhaltigkeit\n\t<\/h2>\n\t<p>Naturmaterialien wie Kalkputz und Holz sorgen daf\u00fcr, dass die H\u00f6hlen weiterhin \u201eatmen&#8221; und ein angenehmes Raumklima bieten.<\/p>\n<p>&nbsp;<\/p>\n\t\t\t\t<img loading=\"lazy\" decoding=\"async\" src=\"https:\/\/cavehotelandalusia.com\/wp-content\/uploads\/2026\/03\/Auto-Herradura-Ruinen.jpg\" alt=\"Auto Herradura Ruinen\" itemprop=\"image\" height=\"1280\" width=\"960\" title=\"Auto Herradura Ruinen\" onerror=\"this.style.display='none'\"  \/>\n\t\t\t\t<img loading=\"lazy\" decoding=\"async\" src=\"https:\/\/cavehotelandalusia.com\/wp-content\/uploads\/2026\/03\/2024-11-11-12.40.20.jpg\" alt=\"2024-11-11 12.40.20\" itemprop=\"image\" height=\"1280\" width=\"960\" title=\"2024-11-11 12.40.20\" onerror=\"this.style.display='none'\"  \/>\n\t\t\t\t<img loading=\"lazy\" decoding=\"async\" src=\"https:\/\/cavehotelandalusia.com\/wp-content\/uploads\/2026\/03\/Rosa-Tur-innen-Ausen.jpg\" alt=\"Rosa Tu\u0308r innen -Au\u00dfen\" itemprop=\"image\" height=\"1280\" width=\"960\" title=\"Rosa Tu\u0308r innen -Au\u00dfen\" onerror=\"this.style.display='none'\"  \/>\n<h2>\n\t\tInnovativ und zukunftsf\u00e4hig\n\t<\/h2>\n\t<blockquote data-start=\"2381\" data-end=\"2778\">\nDas Projekt wird auch in wissenschaftlichen Studien \u00fcber die traditionellen H\u00f6hlenwohnungen des Altiplano de Granada erw\u00e4hnt. Die H\u00f6hlen gelten als <strong data-start=\"2531\" data-end=\"2548\">bioklimatisch<\/strong>, da sie die nat\u00fcrliche Isolation der Erde nutzen &#8211; ganz ohne aufwendige Klimatisierung. Gerade im Hinblick auf den Klimawandel werden solche Bauformen heute wieder neu entdeckt und als <strong data-start=\"2734\" data-end=\"2764\">zukunftsf\u00e4hige Architektur<\/strong> betrachtet.\n<\/blockquote>\n<blockquote data-start=\"2780\" data-end=\"3054\">\nGleichzeitig zeigt das Projekt, wie historische H\u00f6hlenviertel <strong data-start=\"2844\" data-end=\"2885\">behutsam restauriert und wiederbelebt<\/strong> werden k\u00f6nnen. Durch <strong data-start=\"2907\" data-end=\"2933\">nachhaltigen Tourismus<\/strong> entstehen neue Perspektiven f\u00fcr die Region und ein Beitrag dazu, dass l\u00e4ndliche Orte wie Hu\u00e9scar <strong data-start=\"3031\" data-end=\"3051\">lebendig bleiben<\/strong>.\n<\/blockquote>\n<h2>\n\t\tTradition, Architektur und Natur &#8211; live erleben\n\t<\/h2>\n\t<p>La Herradura ist mehr als ein Bauprojekt: Es ist ein Ort, den man <strong data-start=\"3293\" data-end=\"3322\">sehen, f\u00fchlen und erleben<\/strong> m\u00f6chte. Entdecken Sie Ruhe, Geschichte und Natur in einem einzigartigen H\u00f6hlenensemble.<\/p>","protected":false},"excerpt":{"rendered":"<p>The Cave Project &#8221; La Herradura &#8221; A historic cave district nestled in the heart of the Andalusian countryside &#8216;La Herradura&#8217; &#8211; Spanish for &#8216;the horseshoe&#8217; &#8211; describes the distinctive shape of the caves, which nestle against the hillside in a semicircle. On the outskirts of the small town of Hu\u00e9scar, in the heart of&hellip;<\/p>","protected":false},"author":1,"featured_media":0,"parent":0,"menu_order":0,"comment_status":"closed","ping_status":"closed","template":"","meta":{"footnotes":""},"class_list":["post-554","page","type-page","status-publish","hentry"],"_links":{"self":[{"href":"https:\/\/cavehotelandalusia.com\/de\/wp-json\/wp\/v2\/pages\/554","targetHints":{"allow":["GET"]}}],"collection":[{"href":"https:\/\/cavehotelandalusia.com\/de\/wp-json\/wp\/v2\/pages"}],"about":[{"href":"https:\/\/cavehotelandalusia.com\/de\/wp-json\/wp\/v2\/types\/page"}],"author":[{"embeddable":true,"href":"https:\/\/cavehotelandalusia.com\/de\/wp-json\/wp\/v2\/users\/1"}],"replies":[{"embeddable":true,"href":"https:\/\/cavehotelandalusia.com\/de\/wp-json\/wp\/v2\/comments?post=554"}],"version-history":[{"count":6,"href":"https:\/\/cavehotelandalusia.com\/de\/wp-json\/wp\/v2\/pages\/554\/revisions"}],"predecessor-version":[{"id":578,"href":"https:\/\/cavehotelandalusia.com\/de\/wp-json\/wp\/v2\/pages\/554\/revisions\/578"}],"wp:attachment":[{"href":"https:\/\/cavehotelandalusia.com\/de\/wp-json\/wp\/v2\/media?parent=554"}],"curies":[{"name":"wp","href":"https:\/\/api.w.org\/{rel}","templated":true}]}}